{"id":158,"date":"2023-12-26T03:49:49","date_gmt":"2023-12-26T03:49:49","guid":{"rendered":"https:\/\/jonbaker.me\/formidinerift\/?page_id=158"},"modified":"2024-01-12T22:25:16","modified_gmt":"2024-01-12T22:25:16","slug":"salomes-last-message","status":"publish","type":"page","link":"https:\/\/jonbaker.me\/formidinerift\/salomes-last-message\/","title":{"rendered":"Salom\u00e9\u2019s Last Message"},"content":{"rendered":"\n<p>Finally, Salom\u00e9 left a final message<sup data-fn=\"d4926bbc-91be-4a90-a3ed-0e77c1a9f295\" class=\"fn\"><a href=\"#d4926bbc-91be-4a90-a3ed-0e77c1a9f295\" id=\"d4926bbc-91be-4a90-a3ed-0e77c1a9f295-link\">1<\/a><\/sup> at a medical facility she was at.<\/p>\n\n\n\n<h2 class=\"wp-block-heading\">Waypoint 16\/16: HIP 17519 (361.46 LY, ~6 jumps)<\/h2>\n\n\n\n<p>Take a look at Panaecea Medical Facility for Salome&#8217;s last message.<\/p>\n\n\n\n<figure class=\"wp-block-pullquote has-text-align-left has-medium-font-size\"><blockquote><p><a href=\"https:\/\/community.elitedangerous.com\/galnet\/uid\/5909e01b29cd6211a50325c2\">Galactic News: Terrorist Salom\u00e9 Killed<\/a><br>04 MAY 3303<br>Imperial despatches have confirmed that Commander Salom\u00e9, also known as Kahina Tijani Loren, was killed in the Arumclaw system on the 29th of April by a bounty hunter known as \u2018Besieger\u2019.<br><br>Salom\u00e9 was escorted by several heavily armed vessels, but her Imperial Clipper \u2018Seven Veils\u2019 was nevertheless destroyed by weapons fire. Three commanders were seen fleeing Arumclaw shortly afterwards.<br><br>Surveillance reports indicate that Salom\u00e9\u2019s co-conspirators \u2013 Raan Corsen, Tsu Annabelle Singh and Yuri Nakamura \u2013 remain at large.<br><br>Moments after Salom\u00e9\u2019s destruction was confirmed, a transmission was detected in the Teorge system, leading to the discovery of a series of logs. The logs, which apparently date from 3275, contain nebulous assertions regarding a scheme from an unidentified super organisation to manipulate the Empire, Federation and Alliance.<br><br>A number of factions tried to defend Salom\u00e9 and her allies as they travelled from 46 Eridani to the core systems. Imperial intelligence is reportedly trying to identify the factions that supported the conspirators, but anecdotal reports indicate that many have already fallen into disarray in the wake of Salom\u00e9\u2019s death.<br><br>\u201cShe was a force of evil who attempted to sow the seeds of conflict among those who strive for peace,\u201d said Princess Aisling Duval. \u201cHer warmongering is at an end, and the galaxy is now a safer place. It\u2019s just a shame that so many innocent lives were lost before she was brought down.\u201d<br><br>Admiral Denton Patreus refused to address claims that the bounty hunter was in his employ, saying only, \u201cLet that be an end to this sorry affair\u201d.<\/p><\/blockquote><\/figure>\n\n\n\n<p class=\"has-text-align-center\">\n\t\t\t<img decoding=\"async\" class=\"img-fluid\" style=\"width:44px\" src=\"\/formidinerift\/ninjao7.webp\">&nbsp;\n\t\t\t<img decoding=\"async\" class=\"img-fluid\" style=\"width:44px\" src=\"\/formidinerift\/ninjao7.webp\">&nbsp;\n\t\t\t<img decoding=\"async\" class=\"img-fluid\" style=\"width:44px\" src=\"\/formidinerift\/ninjao7.webp\">&nbsp;\n\t\t\t<img decoding=\"async\" class=\"img-fluid\" style=\"width:44px\" src=\"\/formidinerift\/ninjao7.webp\">&nbsp;\n\t\t\t<img decoding=\"async\" class=\"img-fluid\" style=\"width:44px\" src=\"\/formidinerift\/ninjao7.webp\">&nbsp;\n\t\t\t<img decoding=\"async\" class=\"img-fluid\" style=\"width:44px\" src=\"\/formidinerift\/ninjao7.webp\">&nbsp;\n\t\t\t<img decoding=\"async\" class=\"img-fluid\" style=\"width:44px\" src=\"\/formidinerift\/ninjao7.webp\">&nbsp;\n\t\t\t<img decoding=\"async\" class=\"img-fluid\" style=\"width:44px\" src=\"\/formidinerift\/ninjao7.webp\">&nbsp;\n\t\t\t<img decoding=\"async\" class=\"img-fluid\" style=\"width:44px\" src=\"\/formidinerift\/ninjao7.webp\">&nbsp;\n\t\t\t<img decoding=\"async\" class=\"img-fluid\" style=\"width:44px\" src=\"\/formidinerift\/ninjao7.webp\">\n\t\t<\/p>\n\n\n\n<p>Listened to it all? <a href=\"https:\/\/jonbaker.me\/formidinerift\/the-end\/\" data-type=\"page\" data-id=\"210\">Right On, Commander\u2026<\/a><\/p>\n\n\n\n<p class=\"has-text-align-center\">\n\t\t\t<img decoding=\"async\" class=\"img-fluid\" style=\"width:44px\" src=\"\/formidinerift\/ninjalove.webp\">&nbsp;\n\t\t\t<img decoding=\"async\" class=\"img-fluid\" style=\"width:44px\" src=\"\/formidinerift\/ninjalove.webp\">&nbsp;\n\t\t\t<img decoding=\"async\" class=\"img-fluid\" style=\"width:44px\" src=\"\/formidinerift\/ninjalove.webp\">&nbsp;\n\t\t\t<img decoding=\"async\" class=\"img-fluid\" style=\"width:44px\" src=\"\/formidinerift\/ninjalove.webp\">&nbsp;\n\t\t\t<img decoding=\"async\" class=\"img-fluid\" style=\"width:44px\" src=\"\/formidinerift\/ninjalove.webp\">&nbsp;\n\t\t\t<img decoding=\"async\" class=\"img-fluid\" style=\"width:44px\" src=\"\/formidinerift\/ninjalove.webp\">&nbsp;\n\t\t\t<img decoding=\"async\" class=\"img-fluid\" style=\"width:44px\" src=\"\/formidinerift\/ninjalove.webp\">&nbsp;\n\t\t\t<img decoding=\"async\" class=\"img-fluid\" style=\"width:44px\" src=\"\/formidinerift\/ninjalove.webp\">&nbsp;\n\t\t\t<img decoding=\"async\" class=\"img-fluid\" style=\"width:44px\" src=\"\/formidinerift\/ninjalove.webp\">&nbsp;\n\t\t\t<img decoding=\"async\" class=\"img-fluid\" style=\"width:44px\" src=\"\/formidinerift\/ninjalove.webp\">\n\t\t<\/p>\n\n\n\n<h2 class=\"wp-block-heading\">Drew&#8217;s Footnotes<\/h2>\n\n\n<ol class=\"wp-block-footnotes\"><li id=\"d4926bbc-91be-4a90-a3ed-0e77c1a9f295\">This was a contingency put in by me in case Salom\u00e9 failed to reach her destination. These messages would have been broadcast by Salom\u00e9 if she had succeeded. The lore plan after that was for Salom\u00e9 to be assassinated &#8220;off camera&#8221; by hidden forces trying to suppress the truth. Of course\u2026 that wasn&#8217;t necessary! I think we got the better ending from a story telling perspective.  <a href=\"#d4926bbc-91be-4a90-a3ed-0e77c1a9f295-link\" aria-label=\"Jump to footnote reference 1\">\u21a9\ufe0e<\/a><\/li><\/ol>\n\n\n<p><\/p>\n<p class=\"has-text-align-center\">\n\t\t\t<img decoding=\"async\" class=\"img-fluid\" style=\"width:44px\" src=\"\/formidinerift\/ninjahype.webp\">&nbsp;\n\t\t\t<img decoding=\"async\" class=\"img-fluid\" style=\"width:44px\" src=\"\/formidinerift\/ninjahype.webp\">&nbsp;\n\t\t\t<img decoding=\"async\" class=\"img-fluid\" style=\"width:44px\" src=\"\/formidinerift\/ninjahype.webp\">&nbsp;\n\t\t\t<img decoding=\"async\" class=\"img-fluid\" style=\"width:44px\" src=\"\/formidinerift\/ninjahype.webp\">&nbsp;\n\t\t\t<img decoding=\"async\" class=\"img-fluid\" style=\"width:44px\" src=\"\/formidinerift\/ninjahype.webp\">&nbsp;\n\t\t\t<img decoding=\"async\" class=\"img-fluid\" style=\"width:44px\" src=\"\/formidinerift\/ninjahype.webp\">&nbsp;\n\t\t\t<img decoding=\"async\" class=\"img-fluid\" style=\"width:44px\" src=\"\/formidinerift\/ninjahype.webp\">&nbsp;\n\t\t\t<img decoding=\"async\" class=\"img-fluid\" style=\"width:44px\" src=\"\/formidinerift\/ninjahype.webp\">&nbsp;\n\t\t\t<img decoding=\"async\" class=\"img-fluid\" style=\"width:44px\" src=\"\/formidinerift\/ninjahype.webp\">&nbsp;\n\t\t\t<img decoding=\"async\" class=\"img-fluid\" style=\"width:44px\" src=\"\/formidinerift\/ninjahype.webp\">\n\t\t<\/p>\n","protected":false},"excerpt":{"rendered":"<p>Finally, Salom\u00e9 left a final message at a medical facility she was at. Waypoint 16\/16: HIP 17519 (361.46 LY, ~6 jumps) Take a look at Panaecea Medical Facility for Salome&#8217;s last message. Galactic News: Terrorist Salom\u00e9 Killed04 MAY 3303Imperial despatches have confirmed that Commander Salom\u00e9, also known as Kahina Tijani Loren, was killed in the [&hellip;]<\/p>\n","protected":false},"author":1,"featured_media":0,"parent":0,"menu_order":18,"comment_status":"closed","ping_status":"closed","template":"","meta":{"footnotes":"[{\"content\":\"This was a contingency put in by me in case Salom\u00e9 failed to reach her destination. These messages would have been broadcast by Salom\u00e9 if she had succeeded. The lore plan after that was for Salom\u00e9 to be assassinated \\\"off camera\\\" by hidden forces trying to suppress the truth. Of course\u2026 that wasn't necessary! I think we got the better ending from a story telling perspective. \",\"id\":\"d4926bbc-91be-4a90-a3ed-0e77c1a9f295\"}]"},"class_list":["post-158","page","type-page","status-publish","hentry","post"],"_links":{"self":[{"href":"https:\/\/jonbaker.me\/formidinerift\/wp-json\/wp\/v2\/pages\/158","targetHints":{"allow":["GET"]}}],"collection":[{"href":"https:\/\/jonbaker.me\/formidinerift\/wp-json\/wp\/v2\/pages"}],"about":[{"href":"https:\/\/jonbaker.me\/formidinerift\/wp-json\/wp\/v2\/types\/page"}],"author":[{"embeddable":true,"href":"https:\/\/jonbaker.me\/formidinerift\/wp-json\/wp\/v2\/users\/1"}],"replies":[{"embeddable":true,"href":"https:\/\/jonbaker.me\/formidinerift\/wp-json\/wp\/v2\/comments?post=158"}],"version-history":[{"count":7,"href":"https:\/\/jonbaker.me\/formidinerift\/wp-json\/wp\/v2\/pages\/158\/revisions"}],"predecessor-version":[{"id":360,"href":"https:\/\/jonbaker.me\/formidinerift\/wp-json\/wp\/v2\/pages\/158\/revisions\/360"}],"wp:attachment":[{"href":"https:\/\/jonbaker.me\/formidinerift\/wp-json\/wp\/v2\/media?parent=158"}],"curies":[{"name":"wp","href":"https:\/\/api.w.org\/{rel}","templated":true}]}}